{"id":123,"date":"2026-03-18T15:43:06","date_gmt":"2026-03-18T14:43:06","guid":{"rendered":"https:\/\/serwer2627224.home.pl\/autoinstalator\/wordpressplugins\/?page_id=123"},"modified":"2026-04-19T10:09:30","modified_gmt":"2026-04-19T08:09:30","slug":"kryterium-podgorzy","status":"publish","type":"page","link":"https:\/\/karkonoskiestowarzyszenie.com\/?page_id=123","title":{"rendered":"Kryterium Podg\u00f3rzy"},"content":{"rendered":"\n<p><\/p>\n\n\n\n<p class=\"has-text-align-center has-large-font-size\" style=\"font-style:normal;font-weight:700\"><a href=\"https:\/\/karkonoskiestowarzyszenie.com\/?page_id=102\" type=\"page\" id=\"102\">Zapisy na wy\u015bcig<\/a><\/p>\n\n\n\n<figure class=\"wp-block-image size-full\"><img fetchpriority=\"high\" decoding=\"async\" width=\"583\" height=\"805\" src=\"https:\/\/karkonoskiestowarzyszenie.com\/wp-content\/uploads\/2026\/04\/podgorzyn1.jpg\" alt=\"\" class=\"wp-image-218\" srcset=\"https:\/\/karkonoskiestowarzyszenie.com\/wp-content\/uploads\/2026\/04\/podgorzyn1.jpg 583w, https:\/\/karkonoskiestowarzyszenie.com\/wp-content\/uploads\/2026\/04\/podgorzyn1-217x300.jpg 217w\" sizes=\"(max-width: 583px) 100vw, 583px\" \/><\/figure>\n\n\n\n<p class=\"has-text-align-center\"><strong>Trasa Wy\u015bcigu<\/strong><\/p>\n\n\n\n<figure class=\"wp-block-image size-large\"><img decoding=\"async\" width=\"1024\" height=\"607\" src=\"https:\/\/karkonoskiestowarzyszenie.com\/wp-content\/uploads\/2026\/04\/Zrzut-ekranu-2026-04-19-094911-1024x607.jpg\" alt=\"\" class=\"wp-image-219\" srcset=\"https:\/\/karkonoskiestowarzyszenie.com\/wp-content\/uploads\/2026\/04\/Zrzut-ekranu-2026-04-19-094911-1024x607.jpg 1024w, https:\/\/karkonoskiestowarzyszenie.com\/wp-content\/uploads\/2026\/04\/Zrzut-ekranu-2026-04-19-094911-300x178.jpg 300w, https:\/\/karkonoskiestowarzyszenie.com\/wp-content\/uploads\/2026\/04\/Zrzut-ekranu-2026-04-19-094911-768x455.jpg 768w, https:\/\/karkonoskiestowarzyszenie.com\/wp-content\/uploads\/2026\/04\/Zrzut-ekranu-2026-04-19-094911.jpg 1206w\" sizes=\"(max-width: 1024px) 100vw, 1024px\" \/><\/figure>\n\n\n\n<div class=\"wp-block-file\"><a id=\"wp-block-file--media-e4034bc2-25ca-477d-ba8f-3971757a38a8\" href=\"https:\/\/karkonoskiestowarzyszenie.com\/wp-content\/uploads\/2026\/04\/REGULAMIN-KRYTERIUM-PODGORZYN.pdf\">REGULAMIN KRYTERIUM PODG\u00d3RZYN<\/a><a href=\"https:\/\/karkonoskiestowarzyszenie.com\/wp-content\/uploads\/2026\/04\/REGULAMIN-KRYTERIUM-PODGORZYN.pdf\" class=\"wp-block-file__button wp-element-button\" download aria-describedby=\"wp-block-file--media-e4034bc2-25ca-477d-ba8f-3971757a38a8\">Pobierz<\/a><\/div>\n\n\n\n<p class=\"has-large-font-size\" style=\"font-style:normal;font-weight:700\"><a href=\"https:\/\/karkonoskiestowarzyszenie.com\/?page_id=102\" type=\"page\" id=\"102\">Zapisy na wy\u015bcig<\/a><\/p>\n\n\n\n<p style=\"border-top-left-radius:20px;border-top-right-radius:20px;border-bottom-left-radius:20px;border-bottom-right-radius:20px\"><\/p>\n\n\n\n<p><\/p>\n","protected":false},"excerpt":{"rendered":"<p>Zapisy na wy\u015bcig Trasa Wy\u015bcigu Zapisy na wy\u015bcig<\/p>\n","protected":false},"author":2,"featured_media":0,"parent":0,"menu_order":0,"comment_status":"closed","ping_status":"closed","template":"","meta":{"footnotes":""},"class_list":["post-123","page","type-page","status-publish","hentry"],"yoast_head":"<!-- This site is optimized with the Yoast SEO plugin v27.2 - https:\/\/yoast.com\/product\/yoast-seo-wordpress\/ -->\n<title>Kryterium Podg\u00f3rzy - KSC<\/title>\n<meta name=\"robots\" content=\"index, follow, max-snippet:-1, max-image-preview:large, max-video-preview:-1\" \/>\n<link rel=\"canonical\" href=\"https:\/\/karkonoskiestowarzyszenie.com\/?page_id=123\" \/>\n<meta property=\"og:locale\" content=\"pl_PL\" \/>\n<meta property=\"og:type\" content=\"article\" \/>\n<meta property=\"og:title\" content=\"Kryterium Podg\u00f3rzy - KSC\" \/>\n<meta property=\"og:description\" content=\"Zapisy na wy\u015bcig Trasa Wy\u015bcigu Zapisy na wy\u015bcig\" \/>\n<meta property=\"og:url\" content=\"https:\/\/karkonoskiestowarzyszenie.com\/?page_id=123\" \/>\n<meta property=\"og:site_name\" content=\"KSC\" \/>\n<meta property=\"article:modified_time\" content=\"2026-04-19T08:09:30+00:00\" \/>\n<meta property=\"og:image\" content=\"https:\/\/karkonoskiestowarzyszenie.com\/wp-content\/uploads\/2026\/04\/podgorzyn1.jpg\" \/>\n\t<meta property=\"og:image:width\" content=\"583\" \/>\n\t<meta property=\"og:image:height\" content=\"805\" \/>\n\t<meta property=\"og:image:type\" content=\"image\/jpeg\" \/>\n<meta name=\"twitter:card\" content=\"summary_large_image\" \/>\n<meta name=\"twitter:label1\" content=\"Szacowany czas czytania\" \/>\n\t<meta name=\"twitter:data1\" content=\"1 minuta\" \/>\n<script type=\"application\/ld+json\" class=\"yoast-schema-graph\">{\"@context\":\"https:\/\/schema.org\",\"@graph\":[{\"@type\":\"WebPage\",\"@id\":\"https:\/\/karkonoskiestowarzyszenie.com\/?page_id=123\",\"url\":\"https:\/\/karkonoskiestowarzyszenie.com\/?page_id=123\",\"name\":\"Kryterium Podg\u00f3rzy - KSC\",\"isPartOf\":{\"@id\":\"https:\/\/karkonoskiestowarzyszenie.com\/#website\"},\"primaryImageOfPage\":{\"@id\":\"https:\/\/karkonoskiestowarzyszenie.com\/?page_id=123#primaryimage\"},\"image\":{\"@id\":\"https:\/\/karkonoskiestowarzyszenie.com\/?page_id=123#primaryimage\"},\"thumbnailUrl\":\"https:\/\/karkonoskiestowarzyszenie.com\/wp-content\/uploads\/2026\/04\/podgorzyn1.jpg\",\"datePublished\":\"2026-03-18T14:43:06+00:00\",\"dateModified\":\"2026-04-19T08:09:30+00:00\",\"breadcrumb\":{\"@id\":\"https:\/\/karkonoskiestowarzyszenie.com\/?page_id=123#breadcrumb\"},\"inLanguage\":\"pl-PL\",\"potentialAction\":[{\"@type\":\"ReadAction\",\"target\":[\"https:\/\/karkonoskiestowarzyszenie.com\/?page_id=123\"]}]},{\"@type\":\"ImageObject\",\"inLanguage\":\"pl-PL\",\"@id\":\"https:\/\/karkonoskiestowarzyszenie.com\/?page_id=123#primaryimage\",\"url\":\"https:\/\/karkonoskiestowarzyszenie.com\/wp-content\/uploads\/2026\/04\/podgorzyn1.jpg\",\"contentUrl\":\"https:\/\/karkonoskiestowarzyszenie.com\/wp-content\/uploads\/2026\/04\/podgorzyn1.jpg\",\"width\":583,\"height\":805},{\"@type\":\"BreadcrumbList\",\"@id\":\"https:\/\/karkonoskiestowarzyszenie.com\/?page_id=123#breadcrumb\",\"itemListElement\":[{\"@type\":\"ListItem\",\"position\":1,\"name\":\"Home\",\"item\":\"https:\/\/karkonoskiestowarzyszenie.com\/\"},{\"@type\":\"ListItem\",\"position\":2,\"name\":\"Kryterium Podg\u00f3rzy\"}]},{\"@type\":\"WebSite\",\"@id\":\"https:\/\/karkonoskiestowarzyszenie.com\/#website\",\"url\":\"https:\/\/karkonoskiestowarzyszenie.com\/\",\"name\":\"KSC\",\"description\":\"\",\"publisher\":{\"@id\":\"https:\/\/karkonoskiestowarzyszenie.com\/#organization\"},\"potentialAction\":[{\"@type\":\"SearchAction\",\"target\":{\"@type\":\"EntryPoint\",\"urlTemplate\":\"https:\/\/karkonoskiestowarzyszenie.com\/?s={search_term_string}\"},\"query-input\":{\"@type\":\"PropertyValueSpecification\",\"valueRequired\":true,\"valueName\":\"search_term_string\"}}],\"inLanguage\":\"pl-PL\"},{\"@type\":\"Organization\",\"@id\":\"https:\/\/karkonoskiestowarzyszenie.com\/#organization\",\"name\":\"KSC\",\"url\":\"https:\/\/karkonoskiestowarzyszenie.com\/\",\"logo\":{\"@type\":\"ImageObject\",\"inLanguage\":\"pl-PL\",\"@id\":\"https:\/\/karkonoskiestowarzyszenie.com\/#\/schema\/logo\/image\/\",\"url\":\"https:\/\/karkonoskiestowarzyszenie.com\/wp-content\/uploads\/2026\/03\/logo_KSC.png\",\"contentUrl\":\"https:\/\/karkonoskiestowarzyszenie.com\/wp-content\/uploads\/2026\/03\/logo_KSC.png\",\"width\":794,\"height\":808,\"caption\":\"KSC\"},\"image\":{\"@id\":\"https:\/\/karkonoskiestowarzyszenie.com\/#\/schema\/logo\/image\/\"}}]}<\/script>\n<!-- \/ Yoast SEO plugin. -->","yoast_head_json":{"title":"Kryterium Podg\u00f3rzy - KSC","robots":{"index":"index","follow":"follow","max-snippet":"max-snippet:-1","max-image-preview":"max-image-preview:large","max-video-preview":"max-video-preview:-1"},"canonical":"https:\/\/karkonoskiestowarzyszenie.com\/?page_id=123","og_locale":"pl_PL","og_type":"article","og_title":"Kryterium Podg\u00f3rzy - KSC","og_description":"Zapisy na wy\u015bcig Trasa Wy\u015bcigu Zapisy na wy\u015bcig","og_url":"https:\/\/karkonoskiestowarzyszenie.com\/?page_id=123","og_site_name":"KSC","article_modified_time":"2026-04-19T08:09:30+00:00","og_image":[{"width":583,"height":805,"url":"https:\/\/karkonoskiestowarzyszenie.com\/wp-content\/uploads\/2026\/04\/podgorzyn1.jpg","type":"image\/jpeg"}],"twitter_card":"summary_large_image","twitter_misc":{"Szacowany czas czytania":"1 minuta"},"schema":{"@context":"https:\/\/schema.org","@graph":[{"@type":"WebPage","@id":"https:\/\/karkonoskiestowarzyszenie.com\/?page_id=123","url":"https:\/\/karkonoskiestowarzyszenie.com\/?page_id=123","name":"Kryterium Podg\u00f3rzy - KSC","isPartOf":{"@id":"https:\/\/karkonoskiestowarzyszenie.com\/#website"},"primaryImageOfPage":{"@id":"https:\/\/karkonoskiestowarzyszenie.com\/?page_id=123#primaryimage"},"image":{"@id":"https:\/\/karkonoskiestowarzyszenie.com\/?page_id=123#primaryimage"},"thumbnailUrl":"https:\/\/karkonoskiestowarzyszenie.com\/wp-content\/uploads\/2026\/04\/podgorzyn1.jpg","datePublished":"2026-03-18T14:43:06+00:00","dateModified":"2026-04-19T08:09:30+00:00","breadcrumb":{"@id":"https:\/\/karkonoskiestowarzyszenie.com\/?page_id=123#breadcrumb"},"inLanguage":"pl-PL","potentialAction":[{"@type":"ReadAction","target":["https:\/\/karkonoskiestowarzyszenie.com\/?page_id=123"]}]},{"@type":"ImageObject","inLanguage":"pl-PL","@id":"https:\/\/karkonoskiestowarzyszenie.com\/?page_id=123#primaryimage","url":"https:\/\/karkonoskiestowarzyszenie.com\/wp-content\/uploads\/2026\/04\/podgorzyn1.jpg","contentUrl":"https:\/\/karkonoskiestowarzyszenie.com\/wp-content\/uploads\/2026\/04\/podgorzyn1.jpg","width":583,"height":805},{"@type":"BreadcrumbList","@id":"https:\/\/karkonoskiestowarzyszenie.com\/?page_id=123#breadcrumb","itemListElement":[{"@type":"ListItem","position":1,"name":"Home","item":"https:\/\/karkonoskiestowarzyszenie.com\/"},{"@type":"ListItem","position":2,"name":"Kryterium Podg\u00f3rzy"}]},{"@type":"WebSite","@id":"https:\/\/karkonoskiestowarzyszenie.com\/#website","url":"https:\/\/karkonoskiestowarzyszenie.com\/","name":"KSC","description":"","publisher":{"@id":"https:\/\/karkonoskiestowarzyszenie.com\/#organization"},"potentialAction":[{"@type":"SearchAction","target":{"@type":"EntryPoint","urlTemplate":"https:\/\/karkonoskiestowarzyszenie.com\/?s={search_term_string}"},"query-input":{"@type":"PropertyValueSpecification","valueRequired":true,"valueName":"search_term_string"}}],"inLanguage":"pl-PL"},{"@type":"Organization","@id":"https:\/\/karkonoskiestowarzyszenie.com\/#organization","name":"KSC","url":"https:\/\/karkonoskiestowarzyszenie.com\/","logo":{"@type":"ImageObject","inLanguage":"pl-PL","@id":"https:\/\/karkonoskiestowarzyszenie.com\/#\/schema\/logo\/image\/","url":"https:\/\/karkonoskiestowarzyszenie.com\/wp-content\/uploads\/2026\/03\/logo_KSC.png","contentUrl":"https:\/\/karkonoskiestowarzyszenie.com\/wp-content\/uploads\/2026\/03\/logo_KSC.png","width":794,"height":808,"caption":"KSC"},"image":{"@id":"https:\/\/karkonoskiestowarzyszenie.com\/#\/schema\/logo\/image\/"}}]}},"_links":{"self":[{"href":"https:\/\/karkonoskiestowarzyszenie.com\/index.php?rest_route=\/wp\/v2\/pages\/123","targetHints":{"allow":["GET"]}}],"collection":[{"href":"https:\/\/karkonoskiestowarzyszenie.com\/index.php?rest_route=\/wp\/v2\/pages"}],"about":[{"href":"https:\/\/karkonoskiestowarzyszenie.com\/index.php?rest_route=\/wp\/v2\/types\/page"}],"author":[{"embeddable":true,"href":"https:\/\/karkonoskiestowarzyszenie.com\/index.php?rest_route=\/wp\/v2\/users\/2"}],"replies":[{"embeddable":true,"href":"https:\/\/karkonoskiestowarzyszenie.com\/index.php?rest_route=%2Fwp%2Fv2%2Fcomments&post=123"}],"version-history":[{"count":9,"href":"https:\/\/karkonoskiestowarzyszenie.com\/index.php?rest_route=\/wp\/v2\/pages\/123\/revisions"}],"predecessor-version":[{"id":228,"href":"https:\/\/karkonoskiestowarzyszenie.com\/index.php?rest_route=\/wp\/v2\/pages\/123\/revisions\/228"}],"wp:attachment":[{"href":"https:\/\/karkonoskiestowarzyszenie.com\/index.php?rest_route=%2Fwp%2Fv2%2Fmedia&parent=123"}],"curies":[{"name":"wp","href":"https:\/\/api.w.org\/{rel}","templated":true}]}}